{"id":728,"date":"2023-07-31T13:04:22","date_gmt":"2023-07-31T11:04:22","guid":{"rendered":"https:\/\/remakft.hu\/rolunk\/"},"modified":"2023-08-09T18:58:09","modified_gmt":"2023-08-09T16:58:09","slug":"uber-uns","status":"publish","type":"page","link":"https:\/\/remakft.hu\/de\/uber-uns\/","title":{"rendered":"\u00dcber Uns"},"content":{"rendered":"<p>[et_pb_section fb_built=&#8220;1&#8243; _builder_version=&#8220;4.19.4&#8243; _module_preset=&#8220;default&#8220; custom_padding=&#8220;0px||||false|false&#8220; global_colors_info=&#8220;{}&#8220;][et_pb_row _builder_version=&#8220;4.19.4&#8243; _module_preset=&#8220;default&#8220; global_colors_info=&#8220;{}&#8220;][et_pb_column type=&#8220;4_4&#8243; _builder_version=&#8220;4.19.4&#8243; _module_preset=&#8220;default&#8220; global_colors_info=&#8220;{}&#8220;][et_pb_text _builder_version=&#8220;4.19.4&#8243; _module_preset=&#8220;default&#8220; header_font=&#8220;Inter|300||on|||||&#8220; header_text_align=&#8220;center&#8220; header_text_color=&#8220;gcid-10430d8d-c126-42ec-83bd-1556bd88e98f&#8220; header_font_size=&#8220;60px&#8220; hover_enabled=&#8220;0&#8243; header_font_size_tablet=&#8220;54px&#8220; header_font_size_phone=&#8220;36px&#8220; header_font_size_last_edited=&#8220;on|phone&#8220; global_colors_info=&#8220;{%22gcid-10430d8d-c126-42ec-83bd-1556bd88e98f%22:%91%22header_text_color%22%93}&#8220; sticky_enabled=&#8220;0&#8243;]<\/p>\n<h1>\u00dcber Uns<\/h1>\n<p>[\/et_pb_text][\/et_pb_column][\/et_pb_row][et_pb_row _builder_version=&#8220;4.19.4&#8243; _module_preset=&#8220;default&#8220; global_colors_info=&#8220;{}&#8220;][et_pb_column type=&#8220;4_4&#8243; _builder_version=&#8220;4.19.4&#8243; _module_preset=&#8220;default&#8220; global_colors_info=&#8220;{}&#8220;][et_pb_image src=&#8220;http:\/\/remakft.hu\/wp-content\/uploads\/2023\/08\/remakft.jpg&#8220; alt=&#8220;ReMa Gy\u00e1rt\u00e1stechnika Magyarorsz\u00e1g Kft.&#8220; title_text=&#8220;ReMa Gy\u00e1rt\u00e1stechnika Magyarorsz\u00e1g Kft.&#8220; _builder_version=&#8220;4.19.4&#8243; _module_preset=&#8220;default&#8220; hover_enabled=&#8220;0&#8243; global_colors_info=&#8220;{}&#8220; sticky_enabled=&#8220;0&#8243;][\/et_pb_image][\/et_pb_column][\/et_pb_row][et_pb_row _builder_version=&#8220;4.19.4&#8243; _module_preset=&#8220;default&#8220; global_colors_info=&#8220;{}&#8220;][et_pb_column type=&#8220;4_4&#8243; _builder_version=&#8220;4.19.4&#8243; _module_preset=&#8220;default&#8220; global_colors_info=&#8220;{}&#8220;][et_pb_text _builder_version=&#8220;4.19.4&#8243; _module_preset=&#8220;default&#8220; text_font=&#8220;Inter||||||||&#8220; text_text_color=&#8220;gcid-f8319135-712e-4f6a-8a1b-39b4c5b7bfda&#8220; text_line_height=&#8220;1.69em&#8220; header_2_font=&#8220;Inter|300||on|||||&#8220; header_2_text_color=&#8220;gcid-10430d8d-c126-42ec-83bd-1556bd88e98f&#8220; header_2_font_size=&#8220;30px&#8220; max_width=&#8220;769px&#8220; module_alignment=&#8220;center&#8220; hover_enabled=&#8220;0&#8243; text_font_size_tablet=&#8220;15px&#8220; text_font_size_phone=&#8220;14px&#8220; text_font_size_last_edited=&#8220;on|desktop&#8220; header_2_font_size_tablet=&#8220;28px&#8220; header_2_font_size_phone=&#8220;18px&#8220; header_2_font_size_last_edited=&#8220;on|phone&#8220; global_colors_info=&#8220;{%22gcid-f8319135-712e-4f6a-8a1b-39b4c5b7bfda%22:%91%22text_text_color%22%93,%22gcid-10430d8d-c126-42ec-83bd-1556bd88e98f%22:%91%22header_2_text_color%22%93}&#8220; sticky_enabled=&#8220;0&#8243;]<\/p>\n<p>Unser Unternehmen wurde 1999 gegr\u00fcndet. Der Anfang basierte auf unseren bisherigen Erfahrungen und Beziehungen zu Zulieferern der Automobilindustrie. Schon bald stellten wir von der Produktion von Automobil- und Maschinenteilen mittlerer und gro\u00dfer Serien auf die Produktion aufw\u00e4ndig bearbeiteter, <strong>w\u00e4rme- und oberfl\u00e4chenbehandelter Teile<\/strong> um. Heute bilden <strong>montierte Baugruppen, Getriebeteile<\/strong> einen wesentlichen Teil unserer Arbeit. <strong>Unsere Produkte werden \u2013 bis auf wenige Ausnahmen \u2013 in Maschinen namhafter westeurop\u00e4ischer Maschinenbauer verbaut.<\/strong><\/p>\n<h2>Herstellung von Maschinenteilen<\/h2>\n<p>Unsere T\u00e4tigkeit umfasst vor allem die <strong>Bearbeitung bearbeiteter Teile<\/strong> in kleinen und mittleren Serien sowie die <strong>Herstellung kompletter, zusammengebauter Einheiten<\/strong>. Wir haben auch die M\u00f6glichkeit, <strong>Schwei\u00dfkonstruktionen<\/strong> und <strong>Pressblechteile<\/strong> herzustellen. Die Teile werden nach Kundenvorgabe <strong>w\u00e4rmebehandelt<\/strong> und <strong>oberfl\u00e4chenbehandelt<\/strong> geliefert.<\/p>\n<h2>Unternehmensvertretung<\/h2>\n<p>Mehrere Jahrzehnte Erfahrung in Deutschland und Kenntnisse der Investitionsbedingungen in Ungarn erm\u00f6glichen es uns, Unternehmen aus dem deutschsprachigen Raum zu <strong>vertreten und zu beraten.<\/strong><\/p>\n<p>[\/et_pb_text][\/et_pb_column][\/et_pb_row][\/et_pb_section]<\/p>\n","protected":false},"excerpt":{"rendered":"<p>\u00dcber UnsUnser Unternehmen wurde 1999 gegr\u00fcndet. Der Anfang basierte auf unseren bisherigen Erfahrungen und Beziehungen zu Zulieferern der Automobilindustrie. Schon bald stellten wir von der Produktion von Automobil- und Maschinenteilen mittlerer und gro\u00dfer Serien auf die Produktion aufw\u00e4ndig bearbeiteter, w\u00e4rme- und oberfl\u00e4chenbehandelter Teile um. Heute bilden montierte Baugruppen, Getriebeteile einen wesentlichen Teil unserer Arbeit. Unsere [&hellip;]<\/p>\n","protected":false},"author":1,"featured_media":0,"parent":0,"menu_order":0,"comment_status":"closed","ping_status":"closed","template":"","meta":{"_et_pb_use_builder":"on","_et_pb_old_content":"<!-- wp:divi\/placeholder \/-->","_et_gb_content_width":"","inline_featured_image":false},"yoast_head":"<!-- This site is optimized with the Yoast SEO plugin v20.12 - https:\/\/yoast.com\/wordpress\/plugins\/seo\/ -->\n<title>\u00dcber Uns - ReMa Gy\u00e1rt\u00e1stechnika<\/title>\n<meta name=\"robots\" content=\"index, follow, max-snippet:-1, max-image-preview:large, max-video-preview:-1\" \/>\n<link rel=\"canonical\" href=\"https:\/\/remakft.hu\/de\/uber-uns\/\" \/>\n<meta property=\"og:locale\" content=\"de_DE\" \/>\n<meta property=\"og:type\" content=\"article\" \/>\n<meta property=\"og:title\" content=\"\u00dcber Uns - ReMa Gy\u00e1rt\u00e1stechnika\" \/>\n<meta property=\"og:description\" content=\"\u00dcber UnsUnser Unternehmen wurde 1999 gegr\u00fcndet. Der Anfang basierte auf unseren bisherigen Erfahrungen und Beziehungen zu Zulieferern der Automobilindustrie. Schon bald stellten wir von der Produktion von Automobil- und Maschinenteilen mittlerer und gro\u00dfer Serien auf die Produktion aufw\u00e4ndig bearbeiteter, w\u00e4rme- und oberfl\u00e4chenbehandelter Teile um. Heute bilden montierte Baugruppen, Getriebeteile einen wesentlichen Teil unserer Arbeit. Unsere [&hellip;]\" \/>\n<meta property=\"og:url\" content=\"https:\/\/remakft.hu\/de\/uber-uns\/\" \/>\n<meta property=\"og:site_name\" content=\"ReMa Gy\u00e1rt\u00e1stechnika\" \/>\n<meta property=\"article:modified_time\" content=\"2023-08-09T16:58:09+00:00\" \/>\n<meta name=\"twitter:card\" content=\"summary_large_image\" \/>\n<meta name=\"twitter:label1\" content=\"Gesch\u00e4tzte Lesezeit\" \/>\n\t<meta name=\"twitter:data1\" content=\"1 Minute\" \/>\n<script type=\"application\/ld+json\" class=\"yoast-schema-graph\">{\"@context\":\"https:\/\/schema.org\",\"@graph\":[{\"@type\":\"WebPage\",\"@id\":\"https:\/\/remakft.hu\/de\/uber-uns\/\",\"url\":\"https:\/\/remakft.hu\/de\/uber-uns\/\",\"name\":\"\u00dcber Uns - ReMa Gy\u00e1rt\u00e1stechnika\",\"isPartOf\":{\"@id\":\"https:\/\/remakft.hu\/de\/#website\"},\"datePublished\":\"2023-07-31T11:04:22+00:00\",\"dateModified\":\"2023-08-09T16:58:09+00:00\",\"breadcrumb\":{\"@id\":\"https:\/\/remakft.hu\/de\/uber-uns\/#breadcrumb\"},\"inLanguage\":\"de-DE\",\"potentialAction\":[{\"@type\":\"ReadAction\",\"target\":[\"https:\/\/remakft.hu\/de\/uber-uns\/\"]}]},{\"@type\":\"BreadcrumbList\",\"@id\":\"https:\/\/remakft.hu\/de\/uber-uns\/#breadcrumb\",\"itemListElement\":[{\"@type\":\"ListItem\",\"position\":1,\"name\":\"Kezd\u0151lap\",\"item\":\"https:\/\/remakft.hu\/de\/\"},{\"@type\":\"ListItem\",\"position\":2,\"name\":\"\u00dcber Uns\"}]},{\"@type\":\"WebSite\",\"@id\":\"https:\/\/remakft.hu\/de\/#website\",\"url\":\"https:\/\/remakft.hu\/de\/\",\"name\":\"ReMa Gy\u00e1rt\u00e1stechnika\",\"description\":\"M\u00e9rn\u00f6ki precizit\u00e1s, min\u0151s\u00e9g, gy\u00e1rt\u00e1s\",\"publisher\":{\"@id\":\"https:\/\/remakft.hu\/de\/#organization\"},\"potentialAction\":[{\"@type\":\"SearchAction\",\"target\":{\"@type\":\"EntryPoint\",\"urlTemplate\":\"https:\/\/remakft.hu\/de\/?s={search_term_string}\"},\"query-input\":\"required name=search_term_string\"}],\"inLanguage\":\"de-DE\"},{\"@type\":\"Organization\",\"@id\":\"https:\/\/remakft.hu\/de\/#organization\",\"name\":\"ReMa Gy\u00e1rt\u00e1stechnika\",\"url\":\"https:\/\/remakft.hu\/de\/\",\"logo\":{\"@type\":\"ImageObject\",\"inLanguage\":\"de-DE\",\"@id\":\"https:\/\/remakft.hu\/de\/#\/schema\/logo\/image\/\",\"url\":\"https:\/\/remakft.hu\/wp-content\/uploads\/2023\/07\/logo_rema.jpg\",\"contentUrl\":\"https:\/\/remakft.hu\/wp-content\/uploads\/2023\/07\/logo_rema.jpg\",\"width\":200,\"height\":200,\"caption\":\"ReMa Gy\u00e1rt\u00e1stechnika\"},\"image\":{\"@id\":\"https:\/\/remakft.hu\/de\/#\/schema\/logo\/image\/\"}}]}<\/script>\n<!-- \/ Yoast SEO plugin. -->","yoast_head_json":{"title":"\u00dcber Uns - ReMa Gy\u00e1rt\u00e1stechnika","robots":{"index":"index","follow":"follow","max-snippet":"max-snippet:-1","max-image-preview":"max-image-preview:large","max-video-preview":"max-video-preview:-1"},"canonical":"https:\/\/remakft.hu\/de\/uber-uns\/","og_locale":"de_DE","og_type":"article","og_title":"\u00dcber Uns - ReMa Gy\u00e1rt\u00e1stechnika","og_description":"\u00dcber UnsUnser Unternehmen wurde 1999 gegr\u00fcndet. Der Anfang basierte auf unseren bisherigen Erfahrungen und Beziehungen zu Zulieferern der Automobilindustrie. Schon bald stellten wir von der Produktion von Automobil- und Maschinenteilen mittlerer und gro\u00dfer Serien auf die Produktion aufw\u00e4ndig bearbeiteter, w\u00e4rme- und oberfl\u00e4chenbehandelter Teile um. Heute bilden montierte Baugruppen, Getriebeteile einen wesentlichen Teil unserer Arbeit. Unsere [&hellip;]","og_url":"https:\/\/remakft.hu\/de\/uber-uns\/","og_site_name":"ReMa Gy\u00e1rt\u00e1stechnika","article_modified_time":"2023-08-09T16:58:09+00:00","twitter_card":"summary_large_image","twitter_misc":{"Gesch\u00e4tzte Lesezeit":"1 Minute"},"schema":{"@context":"https:\/\/schema.org","@graph":[{"@type":"WebPage","@id":"https:\/\/remakft.hu\/de\/uber-uns\/","url":"https:\/\/remakft.hu\/de\/uber-uns\/","name":"\u00dcber Uns - ReMa Gy\u00e1rt\u00e1stechnika","isPartOf":{"@id":"https:\/\/remakft.hu\/de\/#website"},"datePublished":"2023-07-31T11:04:22+00:00","dateModified":"2023-08-09T16:58:09+00:00","breadcrumb":{"@id":"https:\/\/remakft.hu\/de\/uber-uns\/#breadcrumb"},"inLanguage":"de-DE","potentialAction":[{"@type":"ReadAction","target":["https:\/\/remakft.hu\/de\/uber-uns\/"]}]},{"@type":"BreadcrumbList","@id":"https:\/\/remakft.hu\/de\/uber-uns\/#breadcrumb","itemListElement":[{"@type":"ListItem","position":1,"name":"Kezd\u0151lap","item":"https:\/\/remakft.hu\/de\/"},{"@type":"ListItem","position":2,"name":"\u00dcber Uns"}]},{"@type":"WebSite","@id":"https:\/\/remakft.hu\/de\/#website","url":"https:\/\/remakft.hu\/de\/","name":"ReMa Gy\u00e1rt\u00e1stechnika","description":"M\u00e9rn\u00f6ki precizit\u00e1s, min\u0151s\u00e9g, gy\u00e1rt\u00e1s","publisher":{"@id":"https:\/\/remakft.hu\/de\/#organization"},"potentialAction":[{"@type":"SearchAction","target":{"@type":"EntryPoint","urlTemplate":"https:\/\/remakft.hu\/de\/?s={search_term_string}"},"query-input":"required name=search_term_string"}],"inLanguage":"de-DE"},{"@type":"Organization","@id":"https:\/\/remakft.hu\/de\/#organization","name":"ReMa Gy\u00e1rt\u00e1stechnika","url":"https:\/\/remakft.hu\/de\/","logo":{"@type":"ImageObject","inLanguage":"de-DE","@id":"https:\/\/remakft.hu\/de\/#\/schema\/logo\/image\/","url":"https:\/\/remakft.hu\/wp-content\/uploads\/2023\/07\/logo_rema.jpg","contentUrl":"https:\/\/remakft.hu\/wp-content\/uploads\/2023\/07\/logo_rema.jpg","width":200,"height":200,"caption":"ReMa Gy\u00e1rt\u00e1stechnika"},"image":{"@id":"https:\/\/remakft.hu\/de\/#\/schema\/logo\/image\/"}}]}},"_links":{"self":[{"href":"https:\/\/remakft.hu\/de\/wp-json\/wp\/v2\/pages\/728"}],"collection":[{"href":"https:\/\/remakft.hu\/de\/wp-json\/wp\/v2\/pages"}],"about":[{"href":"https:\/\/remakft.hu\/de\/wp-json\/wp\/v2\/types\/page"}],"author":[{"embeddable":true,"href":"https:\/\/remakft.hu\/de\/wp-json\/wp\/v2\/users\/1"}],"replies":[{"embeddable":true,"href":"https:\/\/remakft.hu\/de\/wp-json\/wp\/v2\/comments?post=728"}],"version-history":[{"count":8,"href":"https:\/\/remakft.hu\/de\/wp-json\/wp\/v2\/pages\/728\/revisions"}],"predecessor-version":[{"id":741,"href":"https:\/\/remakft.hu\/de\/wp-json\/wp\/v2\/pages\/728\/revisions\/741"}],"wp:attachment":[{"href":"https:\/\/remakft.hu\/de\/wp-json\/wp\/v2\/media?parent=728"}],"curies":[{"name":"wp","href":"https:\/\/api.w.org\/{rel}","templated":true}]}}