{"id":744,"date":"2023-07-31T13:04:49","date_gmt":"2023-07-31T11:04:49","guid":{"rendered":"https:\/\/remakft.hu\/termekek\/"},"modified":"2023-08-10T07:05:10","modified_gmt":"2023-08-10T05:05:10","slug":"produkte","status":"publish","type":"page","link":"https:\/\/remakft.hu\/de\/produkte\/","title":{"rendered":"Referenzen"},"content":{"rendered":"<p>[et_pb_section fb_built=&#8220;1&#8243; _builder_version=&#8220;4.19.4&#8243; _module_preset=&#8220;default&#8220; custom_padding=&#8220;0px||||false|false&#8220; global_colors_info=&#8220;{}&#8220;][et_pb_row custom_padding_last_edited=&#8220;on|phone&#8220; _builder_version=&#8220;4.19.4&#8243; _module_preset=&#8220;default&#8220; use_background_color_gradient=&#8220;on&#8220; background_color_gradient_stops=&#8220;rgba(85,85,85,0.3) 0%|rgba(85,85,85,0.3) 99%&#8220; background_color_gradient_overlays_image=&#8220;on&#8220; background_image=&#8220;http:\/\/remakft.hu\/wp-content\/uploads\/2023\/07\/gepelemek.jpg&#8220; custom_margin=&#8220;||||false|false&#8220; custom_padding=&#8220;15vh||15vh||true|false&#8220; custom_padding_tablet=&#8220;12vh||12vh||true|false&#8220; custom_padding_phone=&#8220;10vh||10vh||true|false&#8220; global_colors_info=&#8220;{}&#8220; custom_padding__hover_enabled=&#8220;off|desktop&#8220;][et_pb_column type=&#8220;4_4&#8243; _builder_version=&#8220;4.19.4&#8243; _module_preset=&#8220;default&#8220; global_colors_info=&#8220;{}&#8220;][et_pb_text _builder_version=&#8220;4.19.4&#8243; _module_preset=&#8220;default&#8220; header_font=&#8220;Inter|300||on|||||&#8220; header_text_align=&#8220;center&#8220; header_text_color=&#8220;#FFFFFF&#8220; header_font_size=&#8220;60px&#8220; hover_enabled=&#8220;0&#8243; header_font_size_tablet=&#8220;54px&#8220; header_font_size_phone=&#8220;36px&#8220; header_font_size_last_edited=&#8220;on|phone&#8220; header_text_shadow_style=&#8220;preset3&#8243; header_text_shadow_color=&#8220;rgba(0,0,0,0.2)&#8220; global_colors_info=&#8220;{}&#8220; sticky_enabled=&#8220;0&#8243;]<\/p>\n<h1>Produkte und Referenzen<\/h1>\n<p>[\/et_pb_text][\/et_pb_column][\/et_pb_row][et_pb_row _builder_version=&#8220;4.19.4&#8243; _module_preset=&#8220;default&#8220; global_colors_info=&#8220;{}&#8220;][et_pb_column type=&#8220;4_4&#8243; _builder_version=&#8220;4.19.4&#8243; _module_preset=&#8220;default&#8220; global_colors_info=&#8220;{}&#8220;][et_pb_text _builder_version=&#8220;4.19.4&#8243; _module_preset=&#8220;default&#8220; text_text_color=&#8220;gcid-f8319135-712e-4f6a-8a1b-39b4c5b7bfda&#8220; text_font_size=&#8220;18px&#8220; text_line_height=&#8220;1.69em&#8220; header_text_color=&#8220;gcid-10430d8d-c126-42ec-83bd-1556bd88e98f&#8220; background_color=&#8220;gcid-2921f56d-9e23-4e58-bd29-5b550941885a&#8220; text_orientation=&#8220;center&#8220; max_width=&#8220;540px&#8220; module_alignment=&#8220;center&#8220; custom_padding=&#8220;30px|30px|30px|30px|true|true&#8220; custom_padding_tablet=&#8220;25px|25px|25px|25px|true|true&#8220; custom_padding_phone=&#8220;20px|20px|20px|20px|true|true&#8220; custom_padding_last_edited=&#8220;on|phone&#8220; text_font_size_tablet=&#8220;17px&#8220; text_font_size_phone=&#8220;16px&#8220; text_font_size_last_edited=&#8220;on|desktop&#8220; border_width_bottom=&#8220;2px&#8220; border_color_bottom=&#8220;gcid-c579a738-9aa4-4f42-b6dd-ef01e16da330&#8243; global_colors_info=&#8220;{%22gcid-10430d8d-c126-42ec-83bd-1556bd88e98f%22:%91%22header_text_color%22%93,%22gcid-f8319135-712e-4f6a-8a1b-39b4c5b7bfda%22:%91%22text_text_color%22%93,%22gcid-2921f56d-9e23-4e58-bd29-5b550941885a%22:%91%22background_color%22%93,%22gcid-c579a738-9aa4-4f42-b6dd-ef01e16da330%22:%91%22border_color_bottom%22%93}&#8220;]Herstellung und Einbau von Antriebskomponenten und kompletten Kupplungen.[\/et_pb_text][\/et_pb_column][\/et_pb_row][et_pb_row disabled_on=&#8220;on|on|on&#8220; _builder_version=&#8220;4.19.4&#8243; _module_preset=&#8220;default&#8220; disabled=&#8220;on&#8220; global_colors_info=&#8220;{}&#8220;][et_pb_column type=&#8220;4_4&#8243; _builder_version=&#8220;4.19.4&#8243; _module_preset=&#8220;default&#8220; global_colors_info=&#8220;{}&#8220;][et_pb_text _builder_version=&#8220;4.19.4&#8243; _module_preset=&#8220;default&#8220; header_2_font=&#8220;Inter|300||on|||||&#8220; header_2_text_align=&#8220;center&#8220; header_2_text_color=&#8220;gcid-10430d8d-c126-42ec-83bd-1556bd88e98f&#8220; header_2_font_size=&#8220;30px&#8220; header_2_font_size_tablet=&#8220;28px&#8220; header_2_font_size_phone=&#8220;18px&#8220; header_2_font_size_last_edited=&#8220;on|phone&#8220; global_colors_info=&#8220;{%22gcid-10430d8d-c126-42ec-83bd-1556bd88e98f%22:%91%22header_2_text_color%22%93}&#8220;]<\/p>\n<h2>\u00c9lelmiszeripari szerelt egys\u00e9gek<\/h2>\n<p>[\/et_pb_text][\/et_pb_column][\/et_pb_row][et_pb_row column_structure=&#8220;1_6,1_6,1_6,1_6,1_6,1_6&#8243; use_custom_gutter=&#8220;on&#8220; gutter_width=&#8220;2&#8243; disabled_on=&#8220;on|on|on&#8220; _builder_version=&#8220;4.19.4&#8243; _module_preset=&#8220;default&#8220; custom_padding=&#8220;||1%||false|false&#8220; disabled=&#8220;on&#8220; global_colors_info=&#8220;{}&#8220;][et_pb_column type=&#8220;1_6&#8243; _builder_version=&#8220;4.19.4&#8243; _module_preset=&#8220;default&#8220; global_colors_info=&#8220;{}&#8220;][et_pb_image src=&#8220;http:\/\/remakft.hu\/wp-content\/uploads\/2023\/07\/2232357008.jpg&#8220; alt=&#8220;Referencia term\u00e9k&#8220; title_text=&#8220;Referencia term\u00e9k&#8220; align=&#8220;center&#8220; _builder_version=&#8220;4.19.4&#8243; _module_preset=&#8220;default&#8220; global_colors_info=&#8220;{}&#8220;][\/et_pb_image][\/et_pb_column][et_pb_column type=&#8220;1_6&#8243; _builder_version=&#8220;4.19.4&#8243; _module_preset=&#8220;default&#8220; global_colors_info=&#8220;{}&#8220;][et_pb_image src=&#8220;http:\/\/remakft.hu\/wp-content\/uploads\/2023\/07\/3692142246.jpg&#8220; alt=&#8220;Referencia term\u00e9k&#8220; title_text=&#8220;Referencia term\u00e9k&#8220; align=&#8220;center&#8220; _builder_version=&#8220;4.19.4&#8243; _module_preset=&#8220;default&#8220; global_colors_info=&#8220;{}&#8220;][\/et_pb_image][\/et_pb_column][et_pb_column type=&#8220;1_6&#8243; _builder_version=&#8220;4.19.4&#8243; _module_preset=&#8220;default&#8220; global_colors_info=&#8220;{}&#8220;][et_pb_image src=&#8220;http:\/\/remakft.hu\/wp-content\/uploads\/2023\/07\/3010986502.jpg&#8220; alt=&#8220;Referencia term\u00e9k&#8220; title_text=&#8220;Referencia term\u00e9k&#8220; align=&#8220;center&#8220; _builder_version=&#8220;4.19.4&#8243; _module_preset=&#8220;default&#8220; global_colors_info=&#8220;{}&#8220;][\/et_pb_image][\/et_pb_column][et_pb_column type=&#8220;1_6&#8243; _builder_version=&#8220;4.19.4&#8243; _module_preset=&#8220;default&#8220; global_colors_info=&#8220;{}&#8220;][et_pb_image src=&#8220;http:\/\/remakft.hu\/wp-content\/uploads\/2023\/07\/1848410826.jpg&#8220; alt=&#8220;Referencia term\u00e9k&#8220; title_text=&#8220;Referencia term\u00e9k&#8220; align=&#8220;center&#8220; _builder_version=&#8220;4.19.4&#8243; _module_preset=&#8220;default&#8220; global_colors_info=&#8220;{}&#8220;][\/et_pb_image][\/et_pb_column][et_pb_column type=&#8220;1_6&#8243; _builder_version=&#8220;4.19.4&#8243; _module_preset=&#8220;default&#8220; global_colors_info=&#8220;{}&#8220;][et_pb_image src=&#8220;http:\/\/remakft.hu\/wp-content\/uploads\/2023\/07\/3923850684.jpg&#8220; alt=&#8220;Referencia term\u00e9k&#8220; title_text=&#8220;Referencia term\u00e9k&#8220; align=&#8220;center&#8220; _builder_version=&#8220;4.19.4&#8243; _module_preset=&#8220;default&#8220; global_colors_info=&#8220;{}&#8220;][\/et_pb_image][\/et_pb_column][et_pb_column type=&#8220;1_6&#8243; _builder_version=&#8220;4.19.4&#8243; _module_preset=&#8220;default&#8220; global_colors_info=&#8220;{}&#8220;][et_pb_image src=&#8220;http:\/\/remakft.hu\/wp-content\/uploads\/2023\/07\/2969549706.jpg&#8220; alt=&#8220;Referencia term\u00e9k&#8220; title_text=&#8220;Referencia term\u00e9k&#8220; align=&#8220;center&#8220; _builder_version=&#8220;4.19.4&#8243; _module_preset=&#8220;default&#8220; global_colors_info=&#8220;{}&#8220;][\/et_pb_image][\/et_pb_column][\/et_pb_row][et_pb_row column_structure=&#8220;1_6,1_6,1_6,1_6,1_6,1_6&#8243; use_custom_gutter=&#8220;on&#8220; gutter_width=&#8220;2&#8243; disabled_on=&#8220;on|on|on&#8220; _builder_version=&#8220;4.19.4&#8243; _module_preset=&#8220;default&#8220; custom_padding=&#8220;1%||||false|false&#8220; disabled=&#8220;on&#8220; global_colors_info=&#8220;{}&#8220;][et_pb_column type=&#8220;1_6&#8243; _builder_version=&#8220;4.19.4&#8243; _module_preset=&#8220;default&#8220; global_colors_info=&#8220;{}&#8220;][et_pb_image src=&#8220;http:\/\/remakft.hu\/wp-content\/uploads\/2023\/07\/3751159594.jpg&#8220; alt=&#8220;Referencia term\u00e9k&#8220; title_text=&#8220;Referencia term\u00e9k&#8220; align=&#8220;center&#8220; _builder_version=&#8220;4.19.4&#8243; _module_preset=&#8220;default&#8220; global_colors_info=&#8220;{}&#8220;][\/et_pb_image][\/et_pb_column][et_pb_column type=&#8220;1_6&#8243; _builder_version=&#8220;4.19.4&#8243; _module_preset=&#8220;default&#8220; global_colors_info=&#8220;{}&#8220;][et_pb_image src=&#8220;http:\/\/remakft.hu\/wp-content\/uploads\/2023\/07\/3509042259.jpg&#8220; alt=&#8220;Referencia term\u00e9k&#8220; title_text=&#8220;3509042259&#8243; align=&#8220;center&#8220; _builder_version=&#8220;4.19.4&#8243; _module_preset=&#8220;default&#8220; global_colors_info=&#8220;{}&#8220;][\/et_pb_image][\/et_pb_column][et_pb_column type=&#8220;1_6&#8243; _builder_version=&#8220;4.19.4&#8243; _module_preset=&#8220;default&#8220; global_colors_info=&#8220;{}&#8220;][et_pb_image src=&#8220;http:\/\/remakft.hu\/wp-content\/uploads\/2023\/07\/1557355208.jpg&#8220; alt=&#8220;Referencia term\u00e9k&#8220; title_text=&#8220;Referencia term\u00e9k&#8220; align=&#8220;center&#8220; _builder_version=&#8220;4.19.4&#8243; _module_preset=&#8220;default&#8220; global_colors_info=&#8220;{}&#8220;][\/et_pb_image][\/et_pb_column][et_pb_column type=&#8220;1_6&#8243; _builder_version=&#8220;4.19.4&#8243; _module_preset=&#8220;default&#8220; global_colors_info=&#8220;{}&#8220;][et_pb_image src=&#8220;http:\/\/remakft.hu\/wp-content\/uploads\/2023\/07\/2205604981.jpg&#8220; alt=&#8220;Referencia term\u00e9k&#8220; title_text=&#8220;Referencia term\u00e9k&#8220; align=&#8220;center&#8220; _builder_version=&#8220;4.19.4&#8243; _module_preset=&#8220;default&#8220; global_colors_info=&#8220;{}&#8220;][\/et_pb_image][\/et_pb_column][et_pb_column type=&#8220;1_6&#8243; _builder_version=&#8220;4.19.4&#8243; _module_preset=&#8220;default&#8220; global_colors_info=&#8220;{}&#8220;][et_pb_image src=&#8220;http:\/\/remakft.hu\/wp-content\/uploads\/2023\/07\/1679471361.jpg&#8220; alt=&#8220;Referencia term\u00e9k&#8220; title_text=&#8220;Referencia term\u00e9k&#8220; align=&#8220;center&#8220; _builder_version=&#8220;4.19.4&#8243; _module_preset=&#8220;default&#8220; global_colors_info=&#8220;{}&#8220;][\/et_pb_image][\/et_pb_column][et_pb_column type=&#8220;1_6&#8243; _builder_version=&#8220;4.19.4&#8243; _module_preset=&#8220;default&#8220; global_colors_info=&#8220;{}&#8220;][et_pb_image src=&#8220;http:\/\/remakft.hu\/wp-content\/uploads\/2023\/07\/1023687991.jpg&#8220; alt=&#8220;Referencia term\u00e9k&#8220; title_text=&#8220;Referencia term\u00e9k&#8220; align=&#8220;center&#8220; _builder_version=&#8220;4.19.4&#8243; _module_preset=&#8220;default&#8220; global_colors_info=&#8220;{}&#8220;][\/et_pb_image][\/et_pb_column][\/et_pb_row][et_pb_row _builder_version=&#8220;4.19.4&#8243; _module_preset=&#8220;default&#8220; global_colors_info=&#8220;{}&#8220;][et_pb_column type=&#8220;4_4&#8243; _builder_version=&#8220;4.19.4&#8243; _module_preset=&#8220;default&#8220; global_colors_info=&#8220;{}&#8220;][et_pb_text _builder_version=&#8220;4.19.4&#8243; _module_preset=&#8220;default&#8220; header_2_font=&#8220;Inter|300||on|||||&#8220; header_2_text_align=&#8220;center&#8220; header_2_text_color=&#8220;gcid-10430d8d-c126-42ec-83bd-1556bd88e98f&#8220; header_2_font_size=&#8220;30px&#8220; header_2_font_size_tablet=&#8220;28px&#8220; header_2_font_size_phone=&#8220;18px&#8220; header_2_font_size_last_edited=&#8220;on|phone&#8220; global_colors_info=&#8220;{%22gcid-10430d8d-c126-42ec-83bd-1556bd88e98f%22:%91%22header_2_text_color%22%93}&#8220;]<\/p>\n<h2>Antriebstechnische Komponenten<\/h2>\n<p>[\/et_pb_text][\/et_pb_column][\/et_pb_row][et_pb_row column_structure=&#8220;1_6,1_6,1_6,1_6,1_6,1_6&#8243; use_custom_gutter=&#8220;on&#8220; gutter_width=&#8220;2&#8243; _builder_version=&#8220;4.19.4&#8243; _module_preset=&#8220;default&#8220; custom_padding=&#8220;||||false|false&#8220; global_colors_info=&#8220;{}&#8220;][et_pb_column type=&#8220;1_6&#8243; _builder_version=&#8220;4.19.4&#8243; _module_preset=&#8220;default&#8220; global_colors_info=&#8220;{}&#8220;][et_pb_image src=&#8220;http:\/\/remakft.hu\/wp-content\/uploads\/2023\/07\/hajtas-1.jpg&#8220; alt=&#8220;Hajt\u00e1stechnikai elemek&#8220; title_text=&#8220;Hajt\u00e1stechnikai elemek&#8220; align=&#8220;center&#8220; _builder_version=&#8220;4.19.4&#8243; _module_preset=&#8220;default&#8220; global_colors_info=&#8220;{}&#8220;][\/et_pb_image][\/et_pb_column][et_pb_column type=&#8220;1_6&#8243; _builder_version=&#8220;4.19.4&#8243; _module_preset=&#8220;default&#8220; global_colors_info=&#8220;{}&#8220;][et_pb_image src=&#8220;http:\/\/remakft.hu\/wp-content\/uploads\/2023\/07\/hajtas-2.jpg&#8220; alt=&#8220;Hajt\u00e1stechnikai elemek&#8220; title_text=&#8220;Hajt\u00e1stechnikai elemek&#8220; align=&#8220;center&#8220; _builder_version=&#8220;4.19.4&#8243; _module_preset=&#8220;default&#8220; global_colors_info=&#8220;{}&#8220;][\/et_pb_image][\/et_pb_column][et_pb_column type=&#8220;1_6&#8243; _builder_version=&#8220;4.19.4&#8243; _module_preset=&#8220;default&#8220; global_colors_info=&#8220;{}&#8220;][et_pb_image src=&#8220;http:\/\/remakft.hu\/wp-content\/uploads\/2023\/07\/termek_3.jpg&#8220; alt=&#8220;Referencia term\u00e9k&#8220; title_text=&#8220;Referencia term\u00e9k&#8220; align=&#8220;center&#8220; _builder_version=&#8220;4.19.4&#8243; _module_preset=&#8220;default&#8220; max_width=&#8220;150px&#8220; global_colors_info=&#8220;{}&#8220;][\/et_pb_image][\/et_pb_column][et_pb_column type=&#8220;1_6&#8243; _builder_version=&#8220;4.19.4&#8243; _module_preset=&#8220;default&#8220; global_colors_info=&#8220;{}&#8220;][et_pb_image src=&#8220;http:\/\/remakft.hu\/wp-content\/uploads\/2023\/07\/hajtas-4.jpg&#8220; alt=&#8220;Hajt\u00e1stechnikai elemek&#8220; title_text=&#8220;Hajt\u00e1stechnikai elemek&#8220; align=&#8220;center&#8220; _builder_version=&#8220;4.19.4&#8243; _module_preset=&#8220;default&#8220; global_colors_info=&#8220;{}&#8220;][\/et_pb_image][\/et_pb_column][et_pb_column type=&#8220;1_6&#8243; _builder_version=&#8220;4.19.4&#8243; _module_preset=&#8220;default&#8220; global_colors_info=&#8220;{}&#8220;][et_pb_image src=&#8220;http:\/\/remakft.hu\/wp-content\/uploads\/2023\/07\/hajtas-5.jpg&#8220; alt=&#8220;Hajt\u00e1stechnikai elemek&#8220; title_text=&#8220;Hajt\u00e1stechnikai elemek&#8220; align=&#8220;center&#8220; _builder_version=&#8220;4.19.4&#8243; _module_preset=&#8220;default&#8220; global_colors_info=&#8220;{}&#8220;][\/et_pb_image][\/et_pb_column][et_pb_column type=&#8220;1_6&#8243; _builder_version=&#8220;4.19.4&#8243; _module_preset=&#8220;default&#8220; global_colors_info=&#8220;{}&#8220;][et_pb_image src=&#8220;http:\/\/remakft.hu\/wp-content\/uploads\/2023\/07\/hajtas-6.jpg&#8220; alt=&#8220;Hajt\u00e1stechnikai elemek&#8220; title_text=&#8220;Hajt\u00e1stechnikai elemek&#8220; align=&#8220;center&#8220; _builder_version=&#8220;4.19.4&#8243; _module_preset=&#8220;default&#8220; global_colors_info=&#8220;{}&#8220;][\/et_pb_image][\/et_pb_column][\/et_pb_row][et_pb_row disabled_on=&#8220;off|off|off&#8220; _builder_version=&#8220;4.19.4&#8243; _module_preset=&#8220;default&#8220; global_colors_info=&#8220;{}&#8220;][et_pb_column type=&#8220;4_4&#8243; _builder_version=&#8220;4.19.4&#8243; _module_preset=&#8220;default&#8220; global_colors_info=&#8220;{}&#8220;][et_pb_text _builder_version=&#8220;4.19.4&#8243; _module_preset=&#8220;default&#8220; header_2_font=&#8220;Inter|300||on|||||&#8220; header_2_text_align=&#8220;center&#8220; header_2_text_color=&#8220;gcid-10430d8d-c126-42ec-83bd-1556bd88e98f&#8220; header_2_font_size=&#8220;30px&#8220; header_2_font_size_tablet=&#8220;28px&#8220; header_2_font_size_phone=&#8220;18px&#8220; header_2_font_size_last_edited=&#8220;on|phone&#8220; global_colors_info=&#8220;{%22gcid-10430d8d-c126-42ec-83bd-1556bd88e98f%22:%91%22header_2_text_color%22%93}&#8220;]<\/p>\n<h2>KUNDENSPEZIFISCHE TEILEFERTIGUNG<\/h2>\n<p>[\/et_pb_text][\/et_pb_column][\/et_pb_row][et_pb_row column_structure=&#8220;1_6,1_6,1_6,1_6,1_6,1_6&#8243; use_custom_gutter=&#8220;on&#8220; gutter_width=&#8220;2&#8243; _builder_version=&#8220;4.19.4&#8243; _module_preset=&#8220;default&#8220; custom_padding=&#8220;||||false|false&#8220; global_colors_info=&#8220;{}&#8220;][et_pb_column type=&#8220;1_6&#8243; _builder_version=&#8220;4.19.4&#8243; _module_preset=&#8220;default&#8220; global_colors_info=&#8220;{}&#8220;][\/et_pb_column][et_pb_column type=&#8220;1_6&#8243; _builder_version=&#8220;4.19.4&#8243; _module_preset=&#8220;default&#8220; global_colors_info=&#8220;{}&#8220;][\/et_pb_column][et_pb_column type=&#8220;1_6&#8243; _builder_version=&#8220;4.19.4&#8243; _module_preset=&#8220;default&#8220; global_colors_info=&#8220;{}&#8220;][et_pb_image src=&#8220;http:\/\/remakft.hu\/wp-content\/uploads\/2023\/07\/egyedi-1.jpg&#8220; alt=&#8220;Egyedi alkatr\u00e9szgy\u00e1rt\u00e1s&#8220; title_text=&#8220;Egyedi alkatr\u00e9szgy\u00e1rt\u00e1s&#8220; align=&#8220;center&#8220; _builder_version=&#8220;4.19.4&#8243; _module_preset=&#8220;default&#8220; max_width=&#8220;150px&#8220; global_colors_info=&#8220;{}&#8220;][\/et_pb_image][\/et_pb_column][et_pb_column type=&#8220;1_6&#8243; _builder_version=&#8220;4.19.4&#8243; _module_preset=&#8220;default&#8220; global_colors_info=&#8220;{}&#8220;][et_pb_image src=&#8220;http:\/\/remakft.hu\/wp-content\/uploads\/2023\/07\/egyedi-2.jpg&#8220; alt=&#8220;Egyedi alkatr\u00e9szgy\u00e1rt\u00e1s&#8220; title_text=&#8220;Egyedi alkatr\u00e9szgy\u00e1rt\u00e1s&#8220; align=&#8220;center&#8220; _builder_version=&#8220;4.19.4&#8243; _module_preset=&#8220;default&#8220; global_colors_info=&#8220;{}&#8220;][\/et_pb_image][\/et_pb_column][et_pb_column type=&#8220;1_6&#8243; _builder_version=&#8220;4.19.4&#8243; _module_preset=&#8220;default&#8220; global_colors_info=&#8220;{}&#8220;][\/et_pb_column][et_pb_column type=&#8220;1_6&#8243; _builder_version=&#8220;4.19.4&#8243; _module_preset=&#8220;default&#8220; global_colors_info=&#8220;{}&#8220;][\/et_pb_column][\/et_pb_row][\/et_pb_section]<\/p>\n","protected":false},"excerpt":{"rendered":"<p>Produkte und ReferenzenHerstellung und Einbau von Antriebskomponenten und kompletten Kupplungen.\u00c9lelmiszeripari szerelt egys\u00e9gekAntriebstechnische KomponentenKUNDENSPEZIFISCHE TEILEFERTIGUNG<\/p>\n","protected":false},"author":1,"featured_media":0,"parent":0,"menu_order":0,"comment_status":"closed","ping_status":"closed","template":"","meta":{"_et_pb_use_builder":"on","_et_pb_old_content":"<!-- wp:divi\/placeholder \/-->","_et_gb_content_width":"","inline_featured_image":false},"yoast_head":"<!-- This site is optimized with the Yoast SEO plugin v20.12 - https:\/\/yoast.com\/wordpress\/plugins\/seo\/ -->\n<title>Referenzen - ReMa Gy\u00e1rt\u00e1stechnika<\/title>\n<meta name=\"robots\" content=\"index, follow, max-snippet:-1, max-image-preview:large, max-video-preview:-1\" \/>\n<link rel=\"canonical\" href=\"https:\/\/remakft.hu\/de\/produkte\/\" \/>\n<meta property=\"og:locale\" content=\"de_DE\" \/>\n<meta property=\"og:type\" content=\"article\" \/>\n<meta property=\"og:title\" content=\"Referenzen - ReMa Gy\u00e1rt\u00e1stechnika\" \/>\n<meta property=\"og:description\" content=\"Produkte und ReferenzenHerstellung und Einbau von Antriebskomponenten und kompletten Kupplungen.\u00c9lelmiszeripari szerelt egys\u00e9gekAntriebstechnische KomponentenKUNDENSPEZIFISCHE TEILEFERTIGUNG\" \/>\n<meta property=\"og:url\" content=\"https:\/\/remakft.hu\/de\/produkte\/\" \/>\n<meta property=\"og:site_name\" content=\"ReMa Gy\u00e1rt\u00e1stechnika\" \/>\n<meta property=\"article:modified_time\" content=\"2023-08-10T05:05:10+00:00\" \/>\n<meta name=\"twitter:card\" content=\"summary_large_image\" \/>\n<meta name=\"twitter:label1\" content=\"Gesch\u00e4tzte Lesezeit\" \/>\n\t<meta name=\"twitter:data1\" content=\"3 Minuten\" \/>\n<script type=\"application\/ld+json\" class=\"yoast-schema-graph\">{\"@context\":\"https:\/\/schema.org\",\"@graph\":[{\"@type\":\"WebPage\",\"@id\":\"https:\/\/remakft.hu\/de\/produkte\/\",\"url\":\"https:\/\/remakft.hu\/de\/produkte\/\",\"name\":\"Referenzen - ReMa Gy\u00e1rt\u00e1stechnika\",\"isPartOf\":{\"@id\":\"https:\/\/remakft.hu\/de\/#website\"},\"datePublished\":\"2023-07-31T11:04:49+00:00\",\"dateModified\":\"2023-08-10T05:05:10+00:00\",\"breadcrumb\":{\"@id\":\"https:\/\/remakft.hu\/de\/produkte\/#breadcrumb\"},\"inLanguage\":\"de-DE\",\"potentialAction\":[{\"@type\":\"ReadAction\",\"target\":[\"https:\/\/remakft.hu\/de\/produkte\/\"]}]},{\"@type\":\"BreadcrumbList\",\"@id\":\"https:\/\/remakft.hu\/de\/produkte\/#breadcrumb\",\"itemListElement\":[{\"@type\":\"ListItem\",\"position\":1,\"name\":\"Kezd\u0151lap\",\"item\":\"https:\/\/remakft.hu\/de\/\"},{\"@type\":\"ListItem\",\"position\":2,\"name\":\"Referenzen\"}]},{\"@type\":\"WebSite\",\"@id\":\"https:\/\/remakft.hu\/de\/#website\",\"url\":\"https:\/\/remakft.hu\/de\/\",\"name\":\"ReMa Gy\u00e1rt\u00e1stechnika\",\"description\":\"M\u00e9rn\u00f6ki precizit\u00e1s, min\u0151s\u00e9g, gy\u00e1rt\u00e1s\",\"publisher\":{\"@id\":\"https:\/\/remakft.hu\/de\/#organization\"},\"potentialAction\":[{\"@type\":\"SearchAction\",\"target\":{\"@type\":\"EntryPoint\",\"urlTemplate\":\"https:\/\/remakft.hu\/de\/?s={search_term_string}\"},\"query-input\":\"required name=search_term_string\"}],\"inLanguage\":\"de-DE\"},{\"@type\":\"Organization\",\"@id\":\"https:\/\/remakft.hu\/de\/#organization\",\"name\":\"ReMa Gy\u00e1rt\u00e1stechnika\",\"url\":\"https:\/\/remakft.hu\/de\/\",\"logo\":{\"@type\":\"ImageObject\",\"inLanguage\":\"de-DE\",\"@id\":\"https:\/\/remakft.hu\/de\/#\/schema\/logo\/image\/\",\"url\":\"https:\/\/remakft.hu\/wp-content\/uploads\/2023\/07\/logo_rema.jpg\",\"contentUrl\":\"https:\/\/remakft.hu\/wp-content\/uploads\/2023\/07\/logo_rema.jpg\",\"width\":200,\"height\":200,\"caption\":\"ReMa Gy\u00e1rt\u00e1stechnika\"},\"image\":{\"@id\":\"https:\/\/remakft.hu\/de\/#\/schema\/logo\/image\/\"}}]}<\/script>\n<!-- \/ Yoast SEO plugin. -->","yoast_head_json":{"title":"Referenzen - ReMa Gy\u00e1rt\u00e1stechnika","robots":{"index":"index","follow":"follow","max-snippet":"max-snippet:-1","max-image-preview":"max-image-preview:large","max-video-preview":"max-video-preview:-1"},"canonical":"https:\/\/remakft.hu\/de\/produkte\/","og_locale":"de_DE","og_type":"article","og_title":"Referenzen - ReMa Gy\u00e1rt\u00e1stechnika","og_description":"Produkte und ReferenzenHerstellung und Einbau von Antriebskomponenten und kompletten Kupplungen.\u00c9lelmiszeripari szerelt egys\u00e9gekAntriebstechnische KomponentenKUNDENSPEZIFISCHE TEILEFERTIGUNG","og_url":"https:\/\/remakft.hu\/de\/produkte\/","og_site_name":"ReMa Gy\u00e1rt\u00e1stechnika","article_modified_time":"2023-08-10T05:05:10+00:00","twitter_card":"summary_large_image","twitter_misc":{"Gesch\u00e4tzte Lesezeit":"3 Minuten"},"schema":{"@context":"https:\/\/schema.org","@graph":[{"@type":"WebPage","@id":"https:\/\/remakft.hu\/de\/produkte\/","url":"https:\/\/remakft.hu\/de\/produkte\/","name":"Referenzen - ReMa Gy\u00e1rt\u00e1stechnika","isPartOf":{"@id":"https:\/\/remakft.hu\/de\/#website"},"datePublished":"2023-07-31T11:04:49+00:00","dateModified":"2023-08-10T05:05:10+00:00","breadcrumb":{"@id":"https:\/\/remakft.hu\/de\/produkte\/#breadcrumb"},"inLanguage":"de-DE","potentialAction":[{"@type":"ReadAction","target":["https:\/\/remakft.hu\/de\/produkte\/"]}]},{"@type":"BreadcrumbList","@id":"https:\/\/remakft.hu\/de\/produkte\/#breadcrumb","itemListElement":[{"@type":"ListItem","position":1,"name":"Kezd\u0151lap","item":"https:\/\/remakft.hu\/de\/"},{"@type":"ListItem","position":2,"name":"Referenzen"}]},{"@type":"WebSite","@id":"https:\/\/remakft.hu\/de\/#website","url":"https:\/\/remakft.hu\/de\/","name":"ReMa Gy\u00e1rt\u00e1stechnika","description":"M\u00e9rn\u00f6ki precizit\u00e1s, min\u0151s\u00e9g, gy\u00e1rt\u00e1s","publisher":{"@id":"https:\/\/remakft.hu\/de\/#organization"},"potentialAction":[{"@type":"SearchAction","target":{"@type":"EntryPoint","urlTemplate":"https:\/\/remakft.hu\/de\/?s={search_term_string}"},"query-input":"required name=search_term_string"}],"inLanguage":"de-DE"},{"@type":"Organization","@id":"https:\/\/remakft.hu\/de\/#organization","name":"ReMa Gy\u00e1rt\u00e1stechnika","url":"https:\/\/remakft.hu\/de\/","logo":{"@type":"ImageObject","inLanguage":"de-DE","@id":"https:\/\/remakft.hu\/de\/#\/schema\/logo\/image\/","url":"https:\/\/remakft.hu\/wp-content\/uploads\/2023\/07\/logo_rema.jpg","contentUrl":"https:\/\/remakft.hu\/wp-content\/uploads\/2023\/07\/logo_rema.jpg","width":200,"height":200,"caption":"ReMa Gy\u00e1rt\u00e1stechnika"},"image":{"@id":"https:\/\/remakft.hu\/de\/#\/schema\/logo\/image\/"}}]}},"_links":{"self":[{"href":"https:\/\/remakft.hu\/de\/wp-json\/wp\/v2\/pages\/744"}],"collection":[{"href":"https:\/\/remakft.hu\/de\/wp-json\/wp\/v2\/pages"}],"about":[{"href":"https:\/\/remakft.hu\/de\/wp-json\/wp\/v2\/types\/page"}],"author":[{"embeddable":true,"href":"https:\/\/remakft.hu\/de\/wp-json\/wp\/v2\/users\/1"}],"replies":[{"embeddable":true,"href":"https:\/\/remakft.hu\/de\/wp-json\/wp\/v2\/comments?post=744"}],"version-history":[{"count":5,"href":"https:\/\/remakft.hu\/de\/wp-json\/wp\/v2\/pages\/744\/revisions"}],"predecessor-version":[{"id":752,"href":"https:\/\/remakft.hu\/de\/wp-json\/wp\/v2\/pages\/744\/revisions\/752"}],"wp:attachment":[{"href":"https:\/\/remakft.hu\/de\/wp-json\/wp\/v2\/media?parent=744"}],"curies":[{"name":"wp","href":"https:\/\/api.w.org\/{rel}","templated":true}]}}